{"id":100,"date":"2018-11-25T22:11:31","date_gmt":"2018-11-25T21:11:31","guid":{"rendered":"http:\/\/tspidf.127-131manin.com\/?page_id=100"},"modified":"2026-04-28T19:31:59","modified_gmt":"2026-04-28T17:31:59","slug":"bienvenue-au-tspidf","status":"publish","type":"page","link":"https:\/\/tspidf.org\/tspidf\/","title":{"rendered":"Bienvenue au TSPIDF !"},"content":{"rendered":"<p>La pratique du tir sportif, de loisir et de comp\u00e9tition avec LES TIREURS SPORTIFS POLICE, D&rsquo;ILE DE FRANCE au Stand de tir de Montreuil !<\/p>\n<p><img loading=\"lazy\" class=\"wp-image-183 alignleft\" src=\"https:\/\/tspidf.org\/wp-content\/uploads\/2018\/12\/fermeture-exceptionnelle-1024x1024.jpeg\" alt=\"\" width=\"219\" height=\"219\" srcset=\"https:\/\/tspidf.org\/wp-content\/uploads\/2018\/12\/fermeture-exceptionnelle-1024x1024.jpeg 1024w, https:\/\/tspidf.org\/wp-content\/uploads\/2018\/12\/fermeture-exceptionnelle-150x150.jpeg 150w, https:\/\/tspidf.org\/wp-content\/uploads\/2018\/12\/fermeture-exceptionnelle-300x300.jpeg 300w, https:\/\/tspidf.org\/wp-content\/uploads\/2018\/12\/fermeture-exceptionnelle-768x768.jpeg 768w, https:\/\/tspidf.org\/wp-content\/uploads\/2018\/12\/fermeture-exceptionnelle-600x600.jpeg 600w\" sizes=\"(max-width: 219px) 100vw, 219px\" \/><\/p>\n<a href=\"https:\/\/tspidf.org\/tspidf\/2025\/10\/28\/fermeture-exceptionnelle-2\/\" title=\"\" target=\"_self\" rel=\"\" class=\"\">Fermeture exceptionnelle<\/a><span style=\"color: #ffffff;\">__ les 2 ,3 et 9,10 Mai 2026___<\/span><\/p>\n<div>les 2 ,3 et 9,10 Mai 2026<\/div>\n<div class=\"n2-has-copy n2-code n2-ss-slider-shortcode-id\"><\/div>\n<p>Pour vos loisirs, vous recherchez une activit\u00e9 qui vous procure du plaisir ? Vous souhaitez rencontrer des personnes partageant les m\u00eames passions que vous, vous lier d&rsquo;amiti\u00e9 et organiser votre temps libre \u00e0 votre gr\u00e9 ? Alors nous sommes ravis que vos recherches vous aient port\u00e9 jusqu&rsquo;\u00e0 nous, LES TIREURS SPORTIFS POLICE, D&rsquo;ILE DE FRANCE !<\/p>\n<a href=\" http:\/\/tspidf.org\/tspidf\/2020\/06\/04\/adherer-au-tspidf\/\" class=\"su-button su-button-style-default\" style=\"color:#FFFFFF;background-color:#2D89EF;border-color:#246ec0;border-radius:5px;-moz-border-radius:5px;-webkit-border-radius:5px\" target=\"_self\"><span style=\"color:#FFFFFF;padding:0px 16px;font-size:13px;line-height:26px;border-color:#6cadf4;border-radius:5px;-moz-border-radius:5px;-webkit-border-radius:5px;text-shadow:none;-moz-text-shadow:none;-webkit-text-shadow:none\"> Venez nous rencontrer<\/span><\/a>\n","protected":false},"excerpt":{"rendered":"<p>La pratique du tir sportif, de loisir et de comp\u00e9tition avec LES TIREURS SPORTIFS POLICE, D&rsquo;ILE DE FRANCE au Stand<\/p>\n","protected":false},"author":1,"featured_media":0,"parent":0,"menu_order":0,"comment_status":"closed","ping_status":"closed","template":"","meta":[],"_links":{"self":[{"href":"https:\/\/tspidf.org\/tspidf\/wp-json\/wp\/v2\/pages\/100"}],"collection":[{"href":"https:\/\/tspidf.org\/tspidf\/wp-json\/wp\/v2\/pages"}],"about":[{"href":"https:\/\/tspidf.org\/tspidf\/wp-json\/wp\/v2\/types\/page"}],"author":[{"embeddable":true,"href":"https:\/\/tspidf.org\/tspidf\/wp-json\/wp\/v2\/users\/1"}],"replies":[{"embeddable":true,"href":"https:\/\/tspidf.org\/tspidf\/wp-json\/wp\/v2\/comments?post=100"}],"version-history":[{"count":136,"href":"https:\/\/tspidf.org\/tspidf\/wp-json\/wp\/v2\/pages\/100\/revisions"}],"predecessor-version":[{"id":773,"href":"https:\/\/tspidf.org\/tspidf\/wp-json\/wp\/v2\/pages\/100\/revisions\/773"}],"wp:attachment":[{"href":"https:\/\/tspidf.org\/tspidf\/wp-json\/wp\/v2\/media?parent=100"}],"curies":[{"name":"wp","href":"https:\/\/api.w.org\/{rel}","templated":true}]}}